{"id":38,"date":"2023-07-21T18:49:15","date_gmt":"2023-07-21T16:49:15","guid":{"rendered":"http:\/\/avocat-mauguio.fr\/?page_id=38"},"modified":"2023-07-22T13:50:12","modified_gmt":"2023-07-22T11:50:12","slug":"mention-legales","status":"publish","type":"page","link":"http:\/\/avocat-mauguio.fr\/index.php\/mention-legales\/","title":{"rendered":"Mention l\u00e9gales"},"content":{"rendered":"\t\t<div data-elementor-type=\"wp-page\" data-elementor-id=\"38\" class=\"elementor elementor-38\" data-elementor-post-type=\"page\">\n\t\t\t\t\t\t<section class=\"elementor-section elementor-top-section elementor-element elementor-element-27dd6ea7 elementor-section-full_width elementor-section-height-min-height elementor-section-content-middle elementor-section-height-default elementor-section-items-middle\" data-id=\"27dd6ea7\" data-element_type=\"section\" data-e-type=\"section\" data-settings=\"{&quot;background_background&quot;:&quot;classic&quot;}\">\n\t\t\t\t\t\t<div class=\"elementor-container elementor-column-gap-no\">\n\t\t\t\t\t<div class=\"elementor-column elementor-col-100 elementor-top-column elementor-element elementor-element-c24eab1\" data-id=\"c24eab1\" data-element_type=\"column\" data-e-type=\"column\">\n\t\t\t<div class=\"elementor-widget-wrap elementor-element-populated\">\n\t\t\t\t\t\t<div class=\"elementor-element elementor-element-48fec22d elementor-widget elementor-widget-image\" data-id=\"48fec22d\" data-element_type=\"widget\" data-e-type=\"widget\" data-widget_type=\"image.default\">\n\t\t\t\t<div class=\"elementor-widget-container\">\n\t\t\t\t\t\t\t\t\t\t\t\t\t\t\t\t<a href=\"http:\/\/www.avocat-mauguio.fr\">\n\t\t\t\t\t\t\t<img fetchpriority=\"high\" decoding=\"async\" width=\"1536\" height=\"1536\" src=\"http:\/\/avocat-mauguio.fr\/wp-content\/uploads\/2023\/07\/White-and-Black-Minimalist-Initial-Typography-Logo-3-1536x1536.png\" class=\"attachment-1536x1536 size-1536x1536 wp-image-6\" alt=\"\" srcset=\"http:\/\/avocat-mauguio.fr\/wp-content\/uploads\/2023\/07\/White-and-Black-Minimalist-Initial-Typography-Logo-3-1536x1536.png 1536w, http:\/\/avocat-mauguio.fr\/wp-content\/uploads\/2023\/07\/White-and-Black-Minimalist-Initial-Typography-Logo-3-300x300.png 300w, http:\/\/avocat-mauguio.fr\/wp-content\/uploads\/2023\/07\/White-and-Black-Minimalist-Initial-Typography-Logo-3-1024x1024.png 1024w, http:\/\/avocat-mauguio.fr\/wp-content\/uploads\/2023\/07\/White-and-Black-Minimalist-Initial-Typography-Logo-3-150x150.png 150w, http:\/\/avocat-mauguio.fr\/wp-content\/uploads\/2023\/07\/White-and-Black-Minimalist-Initial-Typography-Logo-3-768x768.png 768w, http:\/\/avocat-mauguio.fr\/wp-content\/uploads\/2023\/07\/White-and-Black-Minimalist-Initial-Typography-Logo-3.png 1563w\" sizes=\"(max-width: 1536px) 100vw, 1536px\" \/>\t\t\t\t\t\t\t\t<\/a>\n\t\t\t\t\t\t\t\t\t\t\t\t\t\t\t<\/div>\n\t\t\t\t<\/div>\n\t\t\t\t\t<\/div>\n\t\t<\/div>\n\t\t\t\t\t<\/div>\n\t\t<\/section>\n\t\t\t\t<section class=\"elementor-section elementor-top-section elementor-element elementor-element-646911c2 elementor-section-boxed elementor-section-height-default elementor-section-height-default\" data-id=\"646911c2\" data-element_type=\"section\" data-e-type=\"section\">\n\t\t\t\t\t\t<div class=\"elementor-container elementor-column-gap-default\">\n\t\t\t\t\t<div class=\"elementor-column elementor-col-100 elementor-top-column elementor-element elementor-element-109ff77e\" data-id=\"109ff77e\" data-element_type=\"column\" data-e-type=\"column\">\n\t\t\t<div class=\"elementor-widget-wrap elementor-element-populated\">\n\t\t\t\t\t\t<div class=\"elementor-element elementor-element-75b6f9da elementor-widget elementor-widget-text-editor\" data-id=\"75b6f9da\" data-element_type=\"widget\" data-e-type=\"widget\" data-widget_type=\"text-editor.default\">\n\t\t\t\t<div class=\"elementor-widget-container\">\n\t\t\t\t\t\t\t\t\t<h2 data-inject=\"impressum-paragraphTitle1\" data-element-type=\"paragraph\"><strong>MENTION L\u00c9GALES<\/strong><\/h2><div class=\"wpb_text_column wpb_content_element \"><div class=\"wpb_wrapper\"><p>Nous vous remercions de votre visite sur le site<br \/>Vous trouverez ci-dessous notre politique en mati\u00e8re de traitement de donn\u00e9es personnelles. Nous vous engageons vivement \u00e0 la lire, en visitant ce site vous acceptez les pratiques que nous d\u00e9taillons et vous adh\u00e9rez aux termes et conditions \u00e9nonc\u00e9es ci-apr\u00e8s.<br \/>Le site \u00ab\u00a0nom du site\u00a0\u00bb est destin\u00e9 \u00e0 l\u2019information personnelle des internautes qui l\u2019utilisent<\/p><\/div><\/div><div class=\"wpb_text_column wpb_content_element vc_custom_1647511005423\"><div class=\"wpb_wrapper\"><h2>Informations g\u00e9n\u00e9rales :<\/h2><p>Ce site est propri\u00e9t\u00e9 de Ma\u00eetre Agn\u00e8s SANRAME Avocat<br \/>Si\u00e8ge social :<\/p><div data-inject=\"impressum-paragraphText1\">Cabinet Avocat<\/div><div data-inject=\"impressum-paragraphText1\">Agn\u00e8s SANRAME<br \/>87 Bd de la R\u00e9publique<\/div><div data-inject=\"impressum-paragraphText1\">34130 MAUGUIO<\/div><div data-inject=\"impressum-paragraphText1\">T\u00e9l\u00e9phone : 04 67 29 19 07<\/div><div data-inject=\"impressum-paragraphText1\">Contact : <a href=\"mailto:a.sanrame@avocat-maugiuo.fr\">a.sanrame@avocat-maugiuo.fr<\/a><\/div><p>Ce site a \u00e9t\u00e9 cr\u00e9\u00e9 par : Nom de l&rsquo;agence<br \/>Ce site est maintenu par : Nom de l&rsquo;agence<br \/>Ce site est h\u00e9berg\u00e9 par : OVH 2 rue Kellermann BP 80157 59053 ROUBAIX CEDEX 1 \u2013 France<br \/>Copyright : Ma\u00eetre Agn\u00e8s SANRAME Avocat<br \/>Photos : Certaines images figurants sur ce site proviennent de site libre de droit (<a href=\"https:\/\/www.canva.com\">Canva<\/a>, <a href=\"https:\/\/pixabay.com\">Pixabay<\/a> est&#8230;)<\/p><p>Num\u00e9ro Siret : 381 227 107 00079<br \/>Num\u00e9ro intracommunautaire TVA : 2038122710700012M<\/p><\/div><\/div><div class=\"wpb_text_column wpb_content_element vc_custom_1580289603643\"><div class=\"wpb_wrapper\"><h2>Droit applicable :<\/h2><\/div><\/div><div class=\"wpb_text_column wpb_content_element \"><div class=\"wpb_wrapper\"><p>Le site Internet\u00a0\u00bbnom du site\u00a0\u00bb\u00a0et les pr\u00e9sentes conditions g\u00e9n\u00e9rales sont soumises au droit fran\u00e7ais et sont r\u00e9dig\u00e9es en fran\u00e7ais.<\/p><p>Ma\u00eetre Agn\u00e8s SANRAME Avocat se r\u00e9serve le droit de modifier les pr\u00e9sentes mentions \u00e0 tout moment. L\u2019utilisateur s\u2019engage \u00e0 la consulter r\u00e9guli\u00e8rement.<\/p><\/div><\/div><div class=\"wpb_text_column wpb_content_element vc_custom_1580289608090\"><div class=\"wpb_wrapper\"><h2>Protection des donn\u00e9es personnelles :<\/h2><\/div><\/div><div class=\"wpb_text_column wpb_content_element \"><div class=\"wpb_wrapper\"><p>La consultation du site \u00ab\u00a0nom du site\u00a0\u00bb\u00a0est possible sans que vous ayez \u00e0 r\u00e9v\u00e9ler votre identit\u00e9 ou toute autre information \u00e0 caract\u00e8re personnel vous concernant.<br \/>Ma\u00eetre Agn\u00e8s SANRAME Avocat s\u2019engage \u00e0 respecter votre vie priv\u00e9e et \u00e0 prot\u00e9ger les informations que vous lui communiquez. En particulier, les donn\u00e9es personnelles collect\u00e9es sur le site Internet \u00ab\u00a0nom du site\u00a0\u00bb\u00a0 sont destin\u00e9es \u00e0 l\u2019usage de Ma\u00eetre Agn\u00e8s SANRAME Avocat. Elles sont confidentielles et trait\u00e9es comme telles.<\/p><p>Concernant les informations \u00e0 caract\u00e8re nominatif que vous seriez amen\u00e9s \u00e0 nous communiquer, vous b\u00e9n\u00e9ficiez d\u2019un droit d\u2019acc\u00e8s et de rectification conform\u00e9ment \u00e0 la loi fran\u00e7aise Informatique et Libert\u00e9 n\u00b0 78-17 du 6 janvier 1978. Vous pouvez exercer ce droit aupr\u00e8s de Ma\u00eetre Agn\u00e8s SANRAME au 87 Bd de la R\u00e9publique, 34130 Mauguio.<br \/>Si vous \u00eates abonn\u00e9s \u00e0 des services d\u2019information par courrier \u00e9lectronique (\u00ab newsletter \u00bb) vous pouvez demander \u00e0 ne plus recevoir ces courriers.<\/p><p>Nous vous signalons qu\u2019afin de vous proposer des produits et services toujours plus adapt\u00e9s, certaines informations \u00e0 caract\u00e8re non personnel, relatives \u00e0 votre activit\u00e9 sur ce site, seront automatiquement collect\u00e9es. Ces informations sont destin\u00e9es \u00e0 Ma\u00eetre Agn\u00e8s SANRAME Avocat et pourront \u00e9galement \u00eatre utilis\u00e9es dans le cadre d\u2019op\u00e9rations commerciales ou de marketing ou servir de base \u00e0 des \u00e9tudes et analyses.<\/p><p>Ces informations ne seront en aucun cas communiqu\u00e9es \u00e0 des tiers. Seul le personnel de Ma\u00eetre Agn\u00e8s SANRAME Avocat ont acc\u00e8s aux donn\u00e9es.<\/p><\/div><div class=\"wpb_text_column wpb_content_element vc_custom_1580289613375\"><div class=\"wpb_wrapper\"><h2>S\u00e9curit\u00e9 :<\/h2><\/div><\/div><div class=\"wpb_text_column wpb_content_element \"><div class=\"wpb_wrapper\"><p>Nous prenons toutes les pr\u00e9cautions utiles afin de pr\u00e9server l\u2019int\u00e9grit\u00e9 des donn\u00e9es, leur confidentialit\u00e9 et emp\u00eacher toute communication \u00e0 des tiers non autoris\u00e9s.<\/p><\/div><\/div><div class=\"wpb_text_column wpb_content_element vc_custom_1580289617474\"><div class=\"wpb_wrapper\"><h2>Liens hypertextes :<\/h2><\/div><\/div><div class=\"wpb_text_column wpb_content_element \"><div class=\"wpb_wrapper\"><p>La mise en place d\u2019un lien hypertexte vers le site \u00ab\u00a0nom du site\u00a0\u00bb ne n\u00e9cessite pas d\u2019autorisation pr\u00e9alable et \u00e9crite de Ma\u00eetre Agn\u00e8s SANRAME Avocat. N\u00e9anmoins, Ma\u00eetre Agn\u00e8s SANRAME Avocat doit en \u00eatre inform\u00e9 dans un d\u00e9lai maximum de 30 jours apr\u00e8s la mise en place du lien.<\/p><p>En tout \u00e9tat de cause, Ma\u00eetre Agn\u00e8s SANRAME Avocat n\u2019est en aucun cas tenue responsable du contenu ainsi que des produits ou services propos\u00e9s sur les sites auxquels le site \u00ab\u00a0nom du site\u00a0\u00bb\u00a0se trouverait li\u00e9 par des liens hypertextes ou tout autre type de lien.<\/p><\/div><\/div><div class=\"wpb_text_column wpb_content_element vc_custom_1580289621952\"><div class=\"wpb_wrapper\"><h2>Droits de propri\u00e9t\u00e9 intellectuelle :<\/h2><\/div><\/div><div class=\"wpb_text_column wpb_content_element \"><div class=\"wpb_wrapper\"><p>Ma\u00eetre Agn\u00e8s SANRAME Avocat avise les utilisateurs de ce site que de nombreux \u00e9l\u00e9ments de ce site :<br \/>a) sont prot\u00e9g\u00e9s par la l\u00e9gislation sur le droit d\u2019auteur : ce peut \u00eatre notamment le cas des photographies, des articles, des dessins, des s\u00e9quences anim\u00e9es,\u2026 ;<br \/>b) et\/ou sont prot\u00e9g\u00e9s par la l\u00e9gislation sur les dessins et mod\u00e8les ;<br \/>c) sont prot\u00e9g\u00e9s par la l\u00e9gislation sur les marques.<\/p><p>Les \u00e9l\u00e9ments ainsi prot\u00e9g\u00e9s sont la propri\u00e9t\u00e9 de Ma\u00eetre Agn\u00e8s SANRAME Avocat ou de tiers ayant autoris\u00e9 Ma\u00eetre Agn\u00e8s SANRAME Avocat \u00e0 les exploiter.<\/p><p>Toute reproduction, repr\u00e9sentation, utilisation, adaptation, modification, incorporation, traduction, commercialisation, partielles ou int\u00e9grales par quelque proc\u00e9d\u00e9 et sur quelque support que ce soit (papier, num\u00e9rique, \u2026) sont interdites, sans l\u2019autorisation \u00e9crite pr\u00e9alable de Ma\u00eetre Agn\u00e8s SANRAME Avocat, hormis les exceptions vis\u00e9es \u00e0 l\u2019article L 122.5 du Code de la Propri\u00e9t\u00e9 Intellectuelle, sous peine de constituer un d\u00e9lit de contrefa\u00e7on de droit d\u2019auteur et\/ou de dessins et mod\u00e8les et\/ou de marque, puni de deux ans d\u2019emprisonnement et de 150 000\u20ac d\u2019amende.<\/p><p>Droits d\u2019auteur et\/ou Droits sur les Dessins et Mod\u00e8les :<br \/>Les photographies, textes, slogans, dessins, images, s\u00e9quences anim\u00e9es sonores ou non ainsi que toutes les oeuvres int\u00e9gr\u00e9es dans le site sont la propri\u00e9t\u00e9 de Ma\u00eetre Agn\u00e8s SANRAME Avocat ou de tiers ayant autoris\u00e9 Ma\u00eetre Agn\u00e8s SANRAME Avocat \u00e0 les utiliser.<\/p><p>Les reproductions, sur un support papier ou informatique, dudit site sont autoris\u00e9es sous r\u00e9serve qu\u2019elles soient strictement r\u00e9serv\u00e9es \u00e0 un usage personnel excluant tout usage \u00e0 des fins publicitaires et\/ou commerciales et\/ou d\u2019information et\/ou qu\u2019elles soient conformes aux dispositions de l\u2019article L122-5 du Code de la Propri\u00e9t\u00e9 Intellectuelle.<\/p><\/div><\/div><div class=\"wpb_text_column wpb_content_element vc_custom_1580289626629\"><div class=\"wpb_wrapper\"><h2>Informations relatives aux produits :<\/h2><\/div><\/div><div class=\"wpb_text_column wpb_content_element \"><div class=\"wpb_wrapper\"><p>Dans le cadre d\u2019une politique d\u2019am\u00e9lioration constante de ses produits et services, Ma\u00eetre Agn\u00e8s SANRAME Avocat peut modifier \u00e0 tout moment les caract\u00e9ristiques de son offre. Les produits et\/ou services pr\u00e9sent\u00e9s sur ce site sont ceux distribu\u00e9s en France m\u00e9tropolitaine.<\/p><p>En tout \u00e9tat de cause, les informations contenues sur ce site sont des informations \u00e0 caract\u00e8re g\u00e9n\u00e9ral et n\u2019ont pas valeur contractuelle.<\/p><\/div><div class=\"wpb_text_column wpb_content_element vc_custom_1580289631221\"><div class=\"wpb_wrapper\"><h2>Limitation de responsabilit\u00e9 :<\/h2><\/div><\/div><div class=\"wpb_text_column wpb_content_element \"><div class=\"wpb_wrapper\"><p>Vous utilisez le site \u00ab\u00a0nom du site\u00a0\u00bb\u00a0 sous votre seule et enti\u00e8re responsabilit\u00e9. Ma\u00eetre Agn\u00e8s SANRAME Avocat ne pourra \u00eatre tenu pour responsable des dommages directs ou indirects, tels que, notamment, pr\u00e9judice mat\u00e9riel, pertes de donn\u00e9es ou de programme, pr\u00e9judice financier, r\u00e9sultant de l\u2019utilisation de ce site ou de sites qui lui sont li\u00e9s.<\/p><\/div><\/div><div class=\"wpb_text_column wpb_content_element vc_custom_1580289635509\"><div class=\"wpb_wrapper\"><h2>Mise \u00e0 jour :<\/h2><\/div><\/div><div class=\"wpb_text_column wpb_content_element \"><div class=\"wpb_wrapper\"><p>Ma\u00eetre Agn\u00e8s SANRAME Avocat se r\u00e9serve le droit de modifier et de mettre \u00e0 jour, sans pr\u00e9avis, les pr\u00e9sentes mentions l\u00e9gales et tous les \u00e9l\u00e9ments, produits pr\u00e9sent\u00e9s sur le site. L\u2019ensemble de ces modifications s\u2019impose aux internautes qui doivent consulter les pr\u00e9sentes Conditions G\u00e9n\u00e9rales lors de chaque connexion.<\/p><\/div><\/div><div class=\"wpb_text_column wpb_content_element vc_custom_1580289639829\"><div class=\"wpb_wrapper\"><h2>Donn\u00e9es statistiques de suivi :<\/h2><\/div><\/div><div class=\"wpb_text_column wpb_content_element \"><div class=\"wpb_wrapper\"><p>Nous utilisons les donn\u00e9es de connexion pour nos statistiques de consultation (type de navigateur, nombre de visiteurs, rubriques visit\u00e9es\u2026) pour l\u2019optimisation de notre site en terme de rubriques et de navigation, mais ces informations ne sont pas transmises \u00e0 des tiers.<\/p><\/div><\/div><div class=\"wpb_text_column wpb_content_element vc_custom_1580289644280\"><div class=\"wpb_wrapper\"><h2>La reproduction sur support papier :<\/h2><\/div><\/div><div class=\"wpb_text_column wpb_content_element \"><div class=\"wpb_wrapper\"><p>A l\u2019exception de l\u2019iconographie, la reproduction des pages de ce site sur un support papier est autoris\u00e9e, sous r\u00e9serve du respect des trois conditions suivantes :<\/p><ul class=\"\"><li>\u00a0Gratuit\u00e9 de la diffusion.<\/li><li>Respect de l\u2019int\u00e9grit\u00e9 des documents reproduits (aucune modification, ni alt\u00e9ration d\u2019aucune sorte).<\/li><li>Citation explicite du site \u00ab\u00a0nom du site\u00a0\u00bb comme source et mention que les droits de reproduction sont r\u00e9serv\u00e9s et strictement limit\u00e9es.<\/li><\/ul><\/div><\/div><\/div><\/div>\t\t\t\t\t\t\t\t<\/div>\n\t\t\t\t<\/div>\n\t\t\t\t\t<\/div>\n\t\t<\/div>\n\t\t\t\t\t<\/div>\n\t\t<\/section>\n\t\t\t\t<section class=\"elementor-section elementor-top-section elementor-element elementor-element-380ab91e elementor-section-full_width elementor-section-height-min-height elementor-section-content-middle elementor-section-height-default elementor-section-items-middle\" data-id=\"380ab91e\" data-element_type=\"section\" data-e-type=\"section\" data-settings=\"{&quot;background_background&quot;:&quot;classic&quot;}\">\n\t\t\t\t\t\t<div class=\"elementor-container elementor-column-gap-no\">\n\t\t\t\t\t<div class=\"elementor-column elementor-col-100 elementor-top-column elementor-element elementor-element-6359a069\" data-id=\"6359a069\" data-element_type=\"column\" data-e-type=\"column\">\n\t\t\t<div class=\"elementor-widget-wrap elementor-element-populated\">\n\t\t\t\t\t\t<div class=\"elementor-element elementor-element-26a41683 elementor-widget elementor-widget-image\" data-id=\"26a41683\" data-element_type=\"widget\" data-e-type=\"widget\" data-widget_type=\"image.default\">\n\t\t\t\t<div class=\"elementor-widget-container\">\n\t\t\t\t\t\t\t\t\t\t\t\t\t\t\t\t<a href=\"http:\/\/www.avocat-mauguio.fr\">\n\t\t\t\t\t\t\t<img decoding=\"async\" width=\"800\" height=\"359\" src=\"http:\/\/avocat-mauguio.fr\/wp-content\/uploads\/2023\/07\/logo-agnes-sanrame-cabinet-avocat-mauguio-1024x459.png\" class=\"attachment-large size-large wp-image-17\" alt=\"\" srcset=\"http:\/\/avocat-mauguio.fr\/wp-content\/uploads\/2023\/07\/logo-agnes-sanrame-cabinet-avocat-mauguio-1024x459.png 1024w, http:\/\/avocat-mauguio.fr\/wp-content\/uploads\/2023\/07\/logo-agnes-sanrame-cabinet-avocat-mauguio-300x135.png 300w, http:\/\/avocat-mauguio.fr\/wp-content\/uploads\/2023\/07\/logo-agnes-sanrame-cabinet-avocat-mauguio-768x344.png 768w, http:\/\/avocat-mauguio.fr\/wp-content\/uploads\/2023\/07\/logo-agnes-sanrame-cabinet-avocat-mauguio-1536x689.png 1536w, http:\/\/avocat-mauguio.fr\/wp-content\/uploads\/2023\/07\/logo-agnes-sanrame-cabinet-avocat-mauguio.png 1563w\" sizes=\"(max-width: 800px) 100vw, 800px\" \/>\t\t\t\t\t\t\t\t<\/a>\n\t\t\t\t\t\t\t\t\t\t\t\t\t\t\t<\/div>\n\t\t\t\t<\/div>\n\t\t\t\t\t<\/div>\n\t\t<\/div>\n\t\t\t\t\t<\/div>\n\t\t<\/section>\n\t\t\t\t<section class=\"elementor-section elementor-top-section elementor-element elementor-element-1b8574ce elementor-section-boxed elementor-section-height-default elementor-section-height-default\" data-id=\"1b8574ce\" data-element_type=\"section\" data-e-type=\"section\" data-settings=\"{&quot;background_background&quot;:&quot;classic&quot;}\">\n\t\t\t\t\t\t<div class=\"elementor-container elementor-column-gap-default\">\n\t\t\t\t\t<div class=\"elementor-column elementor-col-100 elementor-top-column elementor-element elementor-element-42eb2ad\" data-id=\"42eb2ad\" data-element_type=\"column\" data-e-type=\"column\">\n\t\t\t<div class=\"elementor-widget-wrap elementor-element-populated\">\n\t\t\t\t\t\t<div class=\"elementor-element elementor-element-5567e111 elementor-widget elementor-widget-text-editor\" data-id=\"5567e111\" data-element_type=\"widget\" data-e-type=\"widget\" data-widget_type=\"text-editor.default\">\n\t\t\t\t<div class=\"elementor-widget-container\">\n\t\t\t\t\t\t\t\t\t<p><b>Agn\u00e8s SANRAME &#8211; 2023 &#8211; <a href=\"http:\/\/avocat-mauguio.fr\/index.php\/mention-legales\/\">Mentions l\u00e9gales<\/a> &#8211; <a href=\"#menu\">Haut du site<\/a><\/b><\/p>\t\t\t\t\t\t\t\t<\/div>\n\t\t\t\t<\/div>\n\t\t\t\t\t<\/div>\n\t\t<\/div>\n\t\t\t\t\t<\/div>\n\t\t<\/section>\n\t\t\t\t<\/div>\n\t\t","protected":false},"excerpt":{"rendered":"<p>MENTION L\u00c9GALES Nous vous remercions de votre visite sur le siteVous trouverez ci-dessous notre politique en mati\u00e8re de traitement de donn\u00e9es personnelles. Nous vous engageons vivement \u00e0 la lire, en visitant ce site vous acceptez les pratiques que nous d\u00e9taillons et vous adh\u00e9rez aux termes et conditions \u00e9nonc\u00e9es ci-apr\u00e8s.Le site \u00ab\u00a0nom du site\u00a0\u00bb est destin\u00e9 [&hellip;]<\/p>\n","protected":false},"author":1,"featured_media":0,"parent":0,"menu_order":0,"comment_status":"closed","ping_status":"closed","template":"elementor_canvas","meta":{"footnotes":""},"class_list":["post-38","page","type-page","status-publish","hentry"],"_links":{"self":[{"href":"http:\/\/avocat-mauguio.fr\/index.php\/wp-json\/wp\/v2\/pages\/38","targetHints":{"allow":["GET"]}}],"collection":[{"href":"http:\/\/avocat-mauguio.fr\/index.php\/wp-json\/wp\/v2\/pages"}],"about":[{"href":"http:\/\/avocat-mauguio.fr\/index.php\/wp-json\/wp\/v2\/types\/page"}],"author":[{"embeddable":true,"href":"http:\/\/avocat-mauguio.fr\/index.php\/wp-json\/wp\/v2\/users\/1"}],"replies":[{"embeddable":true,"href":"http:\/\/avocat-mauguio.fr\/index.php\/wp-json\/wp\/v2\/comments?post=38"}],"version-history":[{"count":22,"href":"http:\/\/avocat-mauguio.fr\/index.php\/wp-json\/wp\/v2\/pages\/38\/revisions"}],"predecessor-version":[{"id":98,"href":"http:\/\/avocat-mauguio.fr\/index.php\/wp-json\/wp\/v2\/pages\/38\/revisions\/98"}],"wp:attachment":[{"href":"http:\/\/avocat-mauguio.fr\/index.php\/wp-json\/wp\/v2\/media?parent=38"}],"curies":[{"name":"wp","href":"https:\/\/api.w.org\/{rel}","templated":true}]}}